{"id":1185,"date":"2016-03-18T06:13:33","date_gmt":"2016-03-18T06:13:33","guid":{"rendered":"http:\/\/demos.famethemes.com\/onepress\/my-account\/"},"modified":"2025-02-22T22:04:35","modified_gmt":"2025-02-22T21:04:35","slug":"hubalowa-ostoja-o-nas-hotel-szkolenie","status":"publish","type":"page","link":"https:\/\/www.hubalowaostoja.pl\/?page_id=1185","title":{"rendered":"POZNAJMY SI\u0118"},"content":{"rendered":"<div class=\"wp-block-image is-style-rounded\">\n<figure class=\"alignright size-full is-resized\"><img loading=\"lazy\" src=\"https:\/\/www.hubalowaostoja.pl\/wp-content\/uploads\/2020\/06\/FotoDSC_1803.jpg\" alt=\"\" class=\"wp-image-1696\" width=\"342\" height=\"518\"\/><figcaption>  fot: <a href=\"https:\/\/maciejzaluski.pl\/\" target=\"_blank\" rel=\"noreferrer noopener\">Maciej Za\u0142uski<\/a> <\/figcaption><\/figure><\/div>\n\n\n<p>Cze\u015b\u0107!<br>Jestem Bogumi\u0142a, Twoja trenerka i partnerka w szkoleniu psa. Razem stworzymy zgrany zesp\u00f3\u0142, kt\u00f3ry osi\u0105gnie wiele sukces\u00f3w. Pomagam ludziom i ich psom budowa\u0107 silne wi\u0119zi, oparte na wzajemnym zaufaniu i zrozumieniu.<\/p>\n\n\n\n<p>Dzi\u0119ki wieloletniemu do\u015bwiadczeniu, pomog\u0142am ju\u017c wielu w\u0142a\u015bcicielom rozwi\u0105za\u0107 problemy wychowawcze swoich pupili oraz odkry\u0107 ich potencja\u0142 i zbudowa\u0107 siln\u0105 wi\u0119\u017a. Pomog\u0119 r\u00f3wnie\u017c Tobie osi\u0105gn\u0105\u0107 ten cel. Dzi\u0119ki indywidualnemu podej\u015bciu i nowoczesnym metodom szkolenia, pokonamy wszelkie problemy i stworzymy szcz\u0119\u015bliwy duet. Moje do\u015bwiadczenie i sukcesy w sportach kynologicznych, takich jak pos\u0142usze\u0144stwo i tropienie sportowe oraz liczne szkolenia u najlepszych trener\u00f3w w Polsce i za granic\u0105, pozwala mi na wielokierunkowe przygotowanie Twojego pupila. <\/p>\n\n\n\n<p>Specjalizuj\u0119 si\u0119 w pozytywnych metodach szkolenia, kt\u00f3re buduj\u0105 zaufanie mi\u0119dzy Tob\u0105 a Twoim psem. Oferuj\u0119 kompleksowe us\u0142ugi szkoleniowe, dostosowane do indywidualnych potrzeb Twojego pupila.<\/p>\n\n\n\n<p>Moja pasja do zwierz\u0105t i d\u0142ugoletnia praktyka w pracy z psami sprawiaj\u0105, \u017ce traktuj\u0119 ka\u017cdego pupila jak cz\u0142onka rodziny. Z przyjemno\u015bci\u0105 pomog\u0119 Ci odkry\u0107 potencja\u0142 Twojego psa i stworzy\u0107 mi\u0119dzy wami wyj\u0105tkow\u0105 wi\u0119\u017a.<\/p>\n\n\n\n<p>Po godzinach, w zaciszu domowym, hobbystycznie zg\u0142\u0119biam tajemnice wszech\u015bwiata i staram si\u0119 zrozumie\u0107 natur\u0119 mechaniki kwantowej, kt\u00f3r\u0105 jestem zauroczona, cho\u0107 przyznaj\u0119, \u017ce jej nie rozumiem. Jestem r\u00f3wnie\u017c mi\u0142o\u015bniczk\u0105 film\u00f3w z pogranicza &#8222;science-fiction&#8221; &#8211; szczeg\u00f3lnie tych z silnym akcentem na &#8222;science&#8221; oraz ksi\u0105\u017cek o tematyce kryminalnej, kt\u00f3re poch\u0142aniam z zapa\u0142em.<\/p>\n\n\n\n<figure class=\"wp-block-pullquote has-text-align-center\"><blockquote><p><a href=\"https:\/\/www.hubalowaostoja.pl\/?page_id=1521\">Zapoznaj si\u0119 z ofert\u0105 i wybierz zaj\u0119cia dla swojego psa<\/a><\/p><cite>&#8222;Zapraszam Ci\u0119 na wspania\u0142\u0105 przygod\u0119 &#8211; szkolenie psa!&#8221;<\/cite><\/blockquote><\/figure>\n","protected":false},"excerpt":{"rendered":"<p>Cze\u015b\u0107!Jestem Bogumi\u0142a, Twoja trenerka i partnerka w szkoleniu psa. Razem stworzymy zgrany zesp\u00f3\u0142, kt\u00f3ry osi\u0105gnie wiele sukces\u00f3w. Pomagam ludziom i ich psom budowa\u0107 silne wi\u0119zi, oparte na wzajemnym zaufaniu i &#8230;<\/p>\n","protected":false},"author":2,"featured_media":0,"parent":0,"menu_order":0,"comment_status":"closed","ping_status":"closed","template":"template-fullwidth.php","meta":[],"_links":{"self":[{"href":"https:\/\/www.hubalowaostoja.pl\/index.php?rest_route=\/wp\/v2\/pages\/1185"}],"collection":[{"href":"https:\/\/www.hubalowaostoja.pl\/index.php?rest_route=\/wp\/v2\/pages"}],"about":[{"href":"https:\/\/www.hubalowaostoja.pl\/index.php?rest_route=\/wp\/v2\/types\/page"}],"author":[{"embeddable":true,"href":"https:\/\/www.hubalowaostoja.pl\/index.php?rest_route=\/wp\/v2\/users\/2"}],"replies":[{"embeddable":true,"href":"https:\/\/www.hubalowaostoja.pl\/index.php?rest_route=%2Fwp%2Fv2%2Fcomments&post=1185"}],"version-history":[{"count":69,"href":"https:\/\/www.hubalowaostoja.pl\/index.php?rest_route=\/wp\/v2\/pages\/1185\/revisions"}],"predecessor-version":[{"id":2947,"href":"https:\/\/www.hubalowaostoja.pl\/index.php?rest_route=\/wp\/v2\/pages\/1185\/revisions\/2947"}],"wp:attachment":[{"href":"https:\/\/www.hubalowaostoja.pl\/index.php?rest_route=%2Fwp%2Fv2%2Fmedia&parent=1185"}],"curies":[{"name":"wp","href":"https:\/\/api.w.org\/{rel}","templated":true}]}}