{"id":1368,"date":"2016-02-12T07:55:23","date_gmt":"2016-02-12T07:55:23","guid":{"rendered":"http:\/\/demos.famethemes.com\/onepress\/?page_id=5"},"modified":"2025-01-27T10:42:14","modified_gmt":"2025-01-27T09:42:14","slug":"news","status":"publish","type":"page","link":"https:\/\/www.hubalowaostoja.pl\/?page_id=1368","title":{"rendered":""},"content":{"rendered":"<div class=\"wp-block-image\">\n<figure class=\"aligncenter size-full\"><img loading=\"lazy\" width=\"1024\" height=\"258\" src=\"https:\/\/www.hubalowaostoja.pl\/wp-content\/uploads\/2023\/05\/nowe-loga-2014-2020-kolor-bez-podpisu.jpeg\" alt=\"\" class=\"wp-image-2596\" srcset=\"https:\/\/www.hubalowaostoja.pl\/wp-content\/uploads\/2023\/05\/nowe-loga-2014-2020-kolor-bez-podpisu.jpeg 1024w, https:\/\/www.hubalowaostoja.pl\/wp-content\/uploads\/2023\/05\/nowe-loga-2014-2020-kolor-bez-podpisu-300x76.jpeg 300w, https:\/\/www.hubalowaostoja.pl\/wp-content\/uploads\/2023\/05\/nowe-loga-2014-2020-kolor-bez-podpisu-768x194.jpeg 768w\" sizes=\"(max-width: 1024px) 100vw, 1024px\" \/><\/figure><\/div>\n\n\n<p class=\"has-text-align-center\">Projekt dotycz\u0105cy podejmowania dzia\u0142alno\u015bci gospodarczej na obszarze LGD Partnerstwo Bor\u00f3w Niemodli\u0144skich wsp\u00f3\u0142finansowany ze \u015brodk\u00f3w unijnych w ramach podzia\u0142ania 19.2 Wsparcie na wdra\u017canie operacji w ramach strategii rozwoju lokalnego kierowanego przez spo\u0142eczno\u015b\u0107 obj\u0119tego Programem Rozwoju Obszar\u00f3w Wiejskich na lata 2014-2020.<\/p>\n\n\n\n<p class=\"has-text-align-center\">Projekt pn. \u201eUruchomienie dzia\u0142alno\u015bci gospodarczej pod nazw\u0105 \u201eCentrum Szkolenia Ps\u00f3w w Pog\u00f3rzu\u201d, kt\u00f3rego celem jest podj\u0119cie dzia\u0142alno\u015bci gospodarczej poprzez utworzenie jednoosobowej dzia\u0142alno\u015bci w zakresie szkolenia ps\u00f3w w Pog\u00f3rzu, gm. Bia\u0142a, na terenie dzia\u0142ania Partnerstwa Bor\u00f3w Niemodli\u0144skich. Projekt obejmuje remont i adaptacj\u0119 budynku gospodarczego na sal\u0119 treningow\u0105 dla ps\u00f3w, w celu prowadzenia dzia\u0142alno\u015bci gospodarczej.<\/p>\n\n\n<div class=\"wp-block-image\">\n<figure class=\"aligncenter size-full is-resized\"><img loading=\"lazy\" src=\"https:\/\/www.hubalowaostoja.pl\/wp-content\/uploads\/2023\/05\/logo-pbn-kolor1.jpeg\" alt=\"\" class=\"wp-image-2605\" width=\"540\" height=\"171\" srcset=\"https:\/\/www.hubalowaostoja.pl\/wp-content\/uploads\/2023\/05\/logo-pbn-kolor1.jpeg 945w, https:\/\/www.hubalowaostoja.pl\/wp-content\/uploads\/2023\/05\/logo-pbn-kolor1-300x95.jpeg 300w, https:\/\/www.hubalowaostoja.pl\/wp-content\/uploads\/2023\/05\/logo-pbn-kolor1-768x244.jpeg 768w\" sizes=\"(max-width: 540px) 100vw, 540px\" \/><\/figure><\/div>\n\n\n<p class=\"has-text-align-center\"><a rel=\"noreferrer noopener\" href=\"http:\/\/boryniemodlinskie.pl\/121\/strona-glowna.html\" target=\"_blank\">www.boryniemodlinskie.pl<\/a><br><\/p>\n\n\n\n<p class=\"has-text-align-center\">Partnerstwo Bor\u00f3w Niemodli\u0144skich dzia\u0142a na terenie gmin: Bia\u0142a, D\u0105browa, Komprachcice, \u0141ambinowice, Niemodlin, Pr\u00f3szk\u00f3w, Strzeleczki i Tu\u0142owice w wojew\u00f3dztwie opolskim. <\/p>\n\n\n\n<p><br><\/p>\n","protected":false},"excerpt":{"rendered":"<p>Projekt dotycz\u0105cy podejmowania dzia\u0142alno\u015bci gospodarczej na obszarze LGD Partnerstwo Bor\u00f3w Niemodli\u0144skich wsp\u00f3\u0142finansowany ze \u015brodk\u00f3w unijnych w ramach podzia\u0142ania 19.2 Wsparcie na wdra\u017canie operacji w ramach strategii rozwoju lokalnego kierowanego przez &#8230;<\/p>\n","protected":false},"author":2,"featured_media":0,"parent":0,"menu_order":0,"comment_status":"closed","ping_status":"closed","template":"template-fullwidth-stretched.php","meta":[],"_links":{"self":[{"href":"https:\/\/www.hubalowaostoja.pl\/index.php?rest_route=\/wp\/v2\/pages\/1368"}],"collection":[{"href":"https:\/\/www.hubalowaostoja.pl\/index.php?rest_route=\/wp\/v2\/pages"}],"about":[{"href":"https:\/\/www.hubalowaostoja.pl\/index.php?rest_route=\/wp\/v2\/types\/page"}],"author":[{"embeddable":true,"href":"https:\/\/www.hubalowaostoja.pl\/index.php?rest_route=\/wp\/v2\/users\/2"}],"replies":[{"embeddable":true,"href":"https:\/\/www.hubalowaostoja.pl\/index.php?rest_route=%2Fwp%2Fv2%2Fcomments&post=1368"}],"version-history":[{"count":38,"href":"https:\/\/www.hubalowaostoja.pl\/index.php?rest_route=\/wp\/v2\/pages\/1368\/revisions"}],"predecessor-version":[{"id":2923,"href":"https:\/\/www.hubalowaostoja.pl\/index.php?rest_route=\/wp\/v2\/pages\/1368\/revisions\/2923"}],"wp:attachment":[{"href":"https:\/\/www.hubalowaostoja.pl\/index.php?rest_route=%2Fwp%2Fv2%2Fmedia&parent=1368"}],"curies":[{"name":"wp","href":"https:\/\/api.w.org\/{rel}","templated":true}]}}