{"id":1522,"date":"2020-06-13T01:05:57","date_gmt":"2020-06-12T23:05:57","guid":{"rendered":"http:\/\/www.entro.pl\/wordpress_006\/?page_id=1522"},"modified":"2025-06-14T10:18:35","modified_gmt":"2025-06-14T08:18:35","slug":"psie-przedszkole-prudnik","status":"publish","type":"page","link":"https:\/\/www.hubalowaostoja.pl\/?page_id=1522","title":{"rendered":"Psie Przedszkole"},"content":{"rendered":"<div class=\"wp-block-image is-style-rounded\">\n<figure class=\"alignright size-large\"><img loading=\"lazy\" width=\"480\" height=\"346\" src=\"http:\/\/www.hubalowaostoja.pl\/wp-content\/uploads\/2020\/06\/17457288_1103175303127860_7294820959132168888_n.jpg\" alt=\"\" class=\"wp-image-1723\" srcset=\"https:\/\/www.hubalowaostoja.pl\/wp-content\/uploads\/2020\/06\/17457288_1103175303127860_7294820959132168888_n.jpg 480w, https:\/\/www.hubalowaostoja.pl\/wp-content\/uploads\/2020\/06\/17457288_1103175303127860_7294820959132168888_n-300x216.jpg 300w\" sizes=\"(max-width: 480px) 100vw, 480px\" \/><\/figure><\/div>\n\n\n<p>Pierwsze miesi\u0105ce \u017cycia szczeniaka to najwa\u017cniejszy etap w kszta\u0142towaniu jego przysz\u0142ych zachowa\u0144 i nawyk\u00f3w. &#8222;Nim skorupka za m\u0142odu&#8221;, wi\u0119c zadbaj o prawid\u0142owy rozw\u00f3j swojego czworonoga, socjalizacj\u0119 i zainwestuj w Wasze relacje.<br><br>Zapraszam na zaj\u0119cia wszystkie szczeniaki w przedziale wiekowym od 12 tygodnia do ok. 6-go miesi\u0105ca \u017cycia. Szczeni\u0119ta w tym wieku najszybciej si\u0119 ucz\u0105. Do\u0142\u0105cz do nas i zobacz, jak szybko Tw\u00f3j pupil opanuje nowe \u0107wiczenia.<\/p>\n\n\n\n<p><strong>&#8222;Zbudujcie razem siln\u0105 wi\u0119\u017a!&#8221;<\/strong><\/p>\n\n\n\n<p>Na moim kursie otrzymasz:<\/p>\n\n\n\n<ul><li><strong>Indywidualne podej\u015bcie:<\/strong> Dostosowuj\u0119 program do potrzeb ka\u017cdego szczeniaka.<\/li><li><strong>Metody pozytywne:<\/strong> Nagrody i pochwa\u0142y motywuj\u0105 do nauki.<\/li><li><strong>Rozw\u00f3j psychiczny:<\/strong> Zabawy i \u0107wiczenia stymuluj\u0105 rozw\u00f3j poznawczy.<\/li><\/ul>\n\n\n\n<p>Czego b\u0119dziesz uczy\u0107 swojego psa?:<\/p>\n\n\n\n<ul><li>budowania wi\u0119zi i prawid\u0142owych relacji;<\/li><li>reagowania psa na w\u0142asne imi\u0119;<\/li><li>metod nagradzania psa,<\/li><li>prawid\u0142owej zabawy z psem;<\/li><li>skupienia i koncentracji na przewodniku;<\/li><li>chodzenia na lu\u017anej smyczy;<\/li><li>przywo\u0142ania w r\u00f3\u017cnych rozproszeniach;<\/li><li>nieformalnego aportu &#8211; aport form\u0105 nagrody;<\/li><li>element\u00f3w pos\u0142usze\u0144stwa (siad, le\u017ce\u0107, zosta\u0144, do mnie, pocz\u0105tki chodzenia przy nodze);<\/li><li>pokonywania toru przeszk\u00f3d, budowanie odwagi (pokonywanie strach\u00f3w);<\/li><li>\u0107wiczenia og\u00f3lnorozwojowe (\u0107wiczenia rozgrzewkowe, na podestach, na poduszkach sensorycznych, cavaletki itp&#8230;.)<\/li><li>trening akceptacji dotyku cia\u0142a, tzw. &#8222;badanie weterynaryjne&#8221; oraz zabieg\u00f3w piel\u0119gnacyjnych.<\/li><\/ul>\n\n\n\n<p>Kurs zawiera 8 godzinnych trening\u00f3w na placu szkoleniowym lub w salce treningowej wraz z wyk\u0142adem teoretycznym oraz materia\u0142ami edukacyjnymi wysy\u0142anymi drog\u0105 elektroniczn\u0105. <br>Koszt kursu &#8211; 650,00 z\u0142<br>Zaj\u0119cia odbywaj\u0105 si\u0119 dwa razy w tygodniu (soboty i niedziele) o godzinie 10.00 (4 tygodnie)<\/p>\n\n\n\n<p>Po uko\u0144czeniu kursu, ka\u017cdy kursant otrzyma pami\u0105tkowy dyplom.<\/p>\n\n\n\n<figure class=\"wp-block-pullquote\"><blockquote><p><a rel=\"noreferrer noopener\" href=\"https:\/\/forms.gle\/7HefkG4yyuaToxau6\" target=\"_blank\">FORMULARZ ZG\u0141OSZENIOWY<\/a><\/p><cite><br>Wype\u0142nij zg\u0142oszenie i do\u0142\u0105cz do weso\u0142ej gromadki<\/cite><\/blockquote><\/figure>\n\n\n\n<p><br><\/p>\n","protected":false},"excerpt":{"rendered":"<p>Pierwsze miesi\u0105ce \u017cycia szczeniaka to najwa\u017cniejszy etap w kszta\u0142towaniu jego przysz\u0142ych zachowa\u0144 i nawyk\u00f3w. &#8222;Nim skorupka za m\u0142odu&#8221;, wi\u0119c zadbaj o prawid\u0142owy rozw\u00f3j swojego czworonoga, socjalizacj\u0119 i zainwestuj w Wasze &#8230;<\/p>\n","protected":false},"author":1,"featured_media":1727,"parent":0,"menu_order":0,"comment_status":"closed","ping_status":"closed","template":"template-fullwidth.php","meta":[],"_links":{"self":[{"href":"https:\/\/www.hubalowaostoja.pl\/index.php?rest_route=\/wp\/v2\/pages\/1522"}],"collection":[{"href":"https:\/\/www.hubalowaostoja.pl\/index.php?rest_route=\/wp\/v2\/pages"}],"about":[{"href":"https:\/\/www.hubalowaostoja.pl\/index.php?rest_route=\/wp\/v2\/types\/page"}],"author":[{"embeddable":true,"href":"https:\/\/www.hubalowaostoja.pl\/index.php?rest_route=\/wp\/v2\/users\/1"}],"replies":[{"embeddable":true,"href":"https:\/\/www.hubalowaostoja.pl\/index.php?rest_route=%2Fwp%2Fv2%2Fcomments&post=1522"}],"version-history":[{"count":73,"href":"https:\/\/www.hubalowaostoja.pl\/index.php?rest_route=\/wp\/v2\/pages\/1522\/revisions"}],"predecessor-version":[{"id":2989,"href":"https:\/\/www.hubalowaostoja.pl\/index.php?rest_route=\/wp\/v2\/pages\/1522\/revisions\/2989"}],"wp:featuredmedia":[{"embeddable":true,"href":"https:\/\/www.hubalowaostoja.pl\/index.php?rest_route=\/wp\/v2\/media\/1727"}],"wp:attachment":[{"href":"https:\/\/www.hubalowaostoja.pl\/index.php?rest_route=%2Fwp%2Fv2%2Fmedia&parent=1522"}],"curies":[{"name":"wp","href":"https:\/\/api.w.org\/{rel}","templated":true}]}}