{"id":1524,"date":"2020-06-13T01:05:57","date_gmt":"2020-06-12T23:05:57","guid":{"rendered":"http:\/\/www.entro.pl\/wordpress_006\/?page_id=1524"},"modified":"2025-01-27T09:51:08","modified_gmt":"2025-01-27T08:51:08","slug":"posluszenstwo-podstawowe-psa","status":"publish","type":"page","link":"https:\/\/www.hubalowaostoja.pl\/?page_id=1524","title":{"rendered":"Pos\u0142usze\u0144stwo Podstawowe"},"content":{"rendered":"<div class=\"wp-block-image is-style-rounded\">\n<figure class=\"alignright size-large is-resized\"><img loading=\"lazy\" src=\"http:\/\/www.hubalowaostoja.pl\/wp-content\/uploads\/2020\/06\/DSC4407.jpg\" alt=\"\" class=\"wp-image-1730\" width=\"335\" height=\"504\" srcset=\"https:\/\/www.hubalowaostoja.pl\/wp-content\/uploads\/2020\/06\/DSC4407.jpg 404w, https:\/\/www.hubalowaostoja.pl\/wp-content\/uploads\/2020\/06\/DSC4407-199x300.jpg 199w\" sizes=\"(max-width: 335px) 100vw, 335px\" \/><\/figure><\/div>\n\n\n<p>Kurs pos\u0142usze\u0144stwa podstawowego to kontynuowanie przygody rozpocz\u0119tej w Psim Przedszkolu. Naucz\u0119 Ci\u0119, jak budowa\u0107 jeszcze silniejsz\u0105 wi\u0119\u017a ze swoim pupilem i poradzi\u0107 sobie z wyzwaniami okresu dojrzewania. Razem osi\u0105gniecie mistrzostwo pos\u0142usze\u0144stwa i b\u0119dziecie gotowi na wszelkie przygody. <br><br>Treningi pos\u0142usze\u0144stwa to doskona\u0142a okazja, aby sp\u0119dzi\u0107 czas ze swoim psem i nauczy\u0107 go nowych rzeczy.<br>Kurs to nie tylko teoria, ale przede wszystkim praktyczne \u0107wiczenia, kt\u00f3re przygotuj\u0105 Ci\u0119 i Twojego psa do wsp\u00f3lnego i bezkonfliktowego \u017cycia.<br><br>Szkolenie z podstaw pos\u0142usze\u0144stwa mo\u017ce by\u0107 r\u00f3wnie\u017c pocz\u0105tkiem przygotowania psa i jego przewodnika do egzamin\u00f3w z pos\u0142usze\u0144stwa: BH, IGP, PT wg regulamin\u00f3w FCI lub egzamin\u00f3w innych stowarzysze\u0144.<\/p>\n\n\n\n<p>Program zaj\u0119\u0107 przewiduje min:<\/p>\n\n\n\n<ul><li>prawid\u0142owa zabawa z psem<\/li><li>koncentracja psa<\/li><li>samokontrola<\/li><li>\u0107wiczenia rozgrzewkowe<\/li><li>chodzenie przy nodze<\/li><li>aportowanie nieformalne (forma nagrody)<\/li><li>przywo\u0142anie cywilne w r\u00f3\u017cnych sytuacjach i rozproszeniach<\/li><li>przywo\u0142anie sportowe &#8222;do mnie&#8221;<\/li><li>pozycje &#8222;siad&#8221; &#8222;waruj&#8221; &#8222;st\u00f3j&#8221; w statyce i w marszu<\/li><li>zostawanie w pozycjach &#8222;siad&#8221; i &#8222;waruj&#8221;<\/li><li>przeszkody (mini agility)<\/li><li>\u0107wiczenia og\u00f3lnorozwojowe na poduszkach sensorycznych, targetach, tyczkach i cavaletkach.<\/li><\/ul>\n\n\n\n<p>Kurs zawiera 8 godzinnych trening\u00f3w trwaj\u0105cych oko\u0142o 50-60 minut. \u0106wiczymy w ma\u0142ych kameralnych grupach lub indywidualnie w zale\u017cno\u015bci od ilo\u015bci ch\u0119tnych.<br>Koszt kursu &#8211; 650,00 z\u0142<\/p>\n\n\n\n<p>Po uko\u0144czeniu kursu, ka\u017cdy kursant otrzyma pami\u0105tkowy dyplom.<\/p>\n\n\n\n<p><br>Zaj\u0119cia dwa razy w tygodniu (soboty i niedziele) &#8211; godzina 11.00<\/p>\n\n\n<div class=\"wp-block-image is-style-rounded\">\n<figure class=\"aligncenter size-large\"><img loading=\"lazy\" width=\"915\" height=\"608\" src=\"http:\/\/www.hubalowaostoja.pl\/wp-content\/uploads\/2020\/06\/DSC4317.jpg\" alt=\"\" class=\"wp-image-1733\" srcset=\"https:\/\/www.hubalowaostoja.pl\/wp-content\/uploads\/2020\/06\/DSC4317.jpg 915w, https:\/\/www.hubalowaostoja.pl\/wp-content\/uploads\/2020\/06\/DSC4317-300x199.jpg 300w, https:\/\/www.hubalowaostoja.pl\/wp-content\/uploads\/2020\/06\/DSC4317-768x510.jpg 768w\" sizes=\"(max-width: 915px) 100vw, 915px\" \/><\/figure><\/div>\n\n\n<figure class=\"wp-block-pullquote\"><blockquote><p><a rel=\"noreferrer noopener\" href=\"https:\/\/forms.gle\/7HefkG4yyuaToxau6\" target=\"_blank\">FORMULARZ ZG\u0141OSZENIOWY<\/a><\/p><cite><br>odkryj mo\u017cliwo\u015bci swojego psa i sp\u0119dzaj z nim aktywnie czas<\/cite><\/blockquote><\/figure>\n\n\n\n<p><br><\/p>\n","protected":false},"excerpt":{"rendered":"<p>Kurs pos\u0142usze\u0144stwa podstawowego to kontynuowanie przygody rozpocz\u0119tej w Psim Przedszkolu. Naucz\u0119 Ci\u0119, jak budowa\u0107 jeszcze silniejsz\u0105 wi\u0119\u017a ze swoim pupilem i poradzi\u0107 sobie z wyzwaniami okresu dojrzewania. Razem osi\u0105gniecie mistrzostwo &#8230;<\/p>\n","protected":false},"author":1,"featured_media":1730,"parent":0,"menu_order":0,"comment_status":"closed","ping_status":"closed","template":"template-fullwidth.php","meta":[],"_links":{"self":[{"href":"https:\/\/www.hubalowaostoja.pl\/index.php?rest_route=\/wp\/v2\/pages\/1524"}],"collection":[{"href":"https:\/\/www.hubalowaostoja.pl\/index.php?rest_route=\/wp\/v2\/pages"}],"about":[{"href":"https:\/\/www.hubalowaostoja.pl\/index.php?rest_route=\/wp\/v2\/types\/page"}],"author":[{"embeddable":true,"href":"https:\/\/www.hubalowaostoja.pl\/index.php?rest_route=\/wp\/v2\/users\/1"}],"replies":[{"embeddable":true,"href":"https:\/\/www.hubalowaostoja.pl\/index.php?rest_route=%2Fwp%2Fv2%2Fcomments&post=1524"}],"version-history":[{"count":51,"href":"https:\/\/www.hubalowaostoja.pl\/index.php?rest_route=\/wp\/v2\/pages\/1524\/revisions"}],"predecessor-version":[{"id":2905,"href":"https:\/\/www.hubalowaostoja.pl\/index.php?rest_route=\/wp\/v2\/pages\/1524\/revisions\/2905"}],"wp:featuredmedia":[{"embeddable":true,"href":"https:\/\/www.hubalowaostoja.pl\/index.php?rest_route=\/wp\/v2\/media\/1730"}],"wp:attachment":[{"href":"https:\/\/www.hubalowaostoja.pl\/index.php?rest_route=%2Fwp%2Fv2%2Fmedia&parent=1524"}],"curies":[{"name":"wp","href":"https:\/\/api.w.org\/{rel}","templated":true}]}}