{"id":1525,"date":"2020-06-13T01:05:57","date_gmt":"2020-06-12T23:05:57","guid":{"rendered":"http:\/\/www.entro.pl\/wordpress_006\/?page_id=1525"},"modified":"2025-01-27T09:27:52","modified_gmt":"2025-01-27T08:27:52","slug":"szkolenia-indywidualne-psow-psie-sporty","status":"publish","type":"page","link":"https:\/\/www.hubalowaostoja.pl\/?page_id=1525","title":{"rendered":"Szkolenia indywidualne"},"content":{"rendered":"\n<p><strong>TRENINGI<\/strong> <strong>POS\u0141USZE\u0143STWA<\/strong> <strong>I NAUKA PRAWID\u0141OWYCH ZACHOWA\u0143<\/strong><\/p>\n\n\n\n<p>Na treningi indywidualne, zapraszam wszystkich, kt\u00f3rzy z r\u00f3\u017cnych powod\u00f3w nie mog\u0105 bra\u0107 udzia\u0142u w kursie grupowym a jednocze\u015bnie ich psy nie przejawiaj\u0105 powa\u017cnych problem\u00f3w behawioralnych. To przede wszystkim szkolenie dla w\u0142a\u015bcicieli, kt\u00f3rzy chc\u0105 dobrze wychowa\u0107 swojego psa, unikn\u0105\u0107 b\u0142\u0119d\u00f3w wychowawczych, zbudowa\u0107 dobr\u0105 relacj\u0119 z nim i pom\u00f3c swojemu psu zrozumie\u0107 \u017cycie w\u015br\u00f3d ludzi i otoczeniu. To r\u00f3wnie\u017c szkolenie dla ps\u00f3w kt\u00f3re przejawiaj\u0105 zachowania negatywne spowodowane nieumiej\u0119tnym szkoleniem lub brakami w wychowaniu.<br>Szkolenie przeznaczone jest r\u00f3wnie\u017c dla wszystkich, kt\u00f3rzy chc\u0105 zapewni\u0107 sobie i swojemu psu zaj\u0119cia rozwijaj\u0105ce umiej\u0119tno\u015bci szkoleniowe lub pozna\u0107 metody pracy czy te\u017c poprawi\u0107 i zacie\u015bni\u0107 relacje ze swoim czworonogiem.<\/p>\n\n\n\n<p>Treningi odbywaj\u0105 si\u0119 na placu szkoleniowym, w przestrzeni publicznej lub u klienta w domu w zale\u017cno\u015bci od potrzeb.<\/p>\n\n\n\n<p><span style=\"text-decoration: underline;\">Koszt zaj\u0119\u0107 trwaj\u0105cych oko\u0142o 60 minut:<\/span><\/p>\n\n\n\n<p>Pog\u00f3rze (plac szkoleniowy)<\/p>\n\n\n\n<ul><li>450,00 z\u0142 &#8211; pakiet 5 spotka\u0144 (treningi optymalnie dwa razy w tygodniu)<\/li><li>100,00 z\u0142 &#8211; pojedyncze spotkanie (klient sam decyduje o ilo\u015bci i cz\u0119stotliwo\u015bci trening\u00f3w)<br><br>Z dojazdem do klienta pod wskazany adres (doje\u017cd\u017cam do ok. 30 km)*<\/li><li>od 150,00 z\u0142 *) &#8211; pojedyncze spotkanie<br><br>*) cena uzale\u017cniona od ilo\u015bci przejechanych kilometr\u00f3w<\/li><\/ul>\n\n\n<div class=\"wp-block-image is-style-rounded\">\n<figure class=\"aligncenter size-large\"><img loading=\"lazy\" width=\"915\" height=\"608\" src=\"http:\/\/www.hubalowaostoja.pl\/wp-content\/uploads\/2020\/06\/DSC4376.jpg\" alt=\"\" class=\"wp-image-1505\" srcset=\"https:\/\/www.hubalowaostoja.pl\/wp-content\/uploads\/2020\/06\/DSC4376.jpg 915w, https:\/\/www.hubalowaostoja.pl\/wp-content\/uploads\/2020\/06\/DSC4376-300x199.jpg 300w, https:\/\/www.hubalowaostoja.pl\/wp-content\/uploads\/2020\/06\/DSC4376-768x510.jpg 768w\" sizes=\"(max-width: 915px) 100vw, 915px\" \/><\/figure><\/div>\n\n\n<figure class=\"wp-block-pullquote\"><blockquote><p><a rel=\"noreferrer noopener\" href=\"https:\/\/forms.gle\/7HefkG4yyuaToxau6\" target=\"_blank\">FORMULARZ ZG\u0141OSZENIOWY<\/a><\/p><cite><br>Tw\u00f3j pies zas\u0142uguje na to co najlepsze<\/cite><\/blockquote><\/figure>\n","protected":false},"excerpt":{"rendered":"<p>TRENINGI POS\u0141USZE\u0143STWA I NAUKA PRAWID\u0141OWYCH ZACHOWA\u0143 Na treningi indywidualne, zapraszam wszystkich, kt\u00f3rzy z r\u00f3\u017cnych powod\u00f3w nie mog\u0105 bra\u0107 udzia\u0142u w kursie grupowym a jednocze\u015bnie ich psy nie przejawiaj\u0105 powa\u017cnych problem\u00f3w &#8230;<\/p>\n","protected":false},"author":1,"featured_media":0,"parent":0,"menu_order":0,"comment_status":"closed","ping_status":"closed","template":"template-fullwidth.php","meta":[],"_links":{"self":[{"href":"https:\/\/www.hubalowaostoja.pl\/index.php?rest_route=\/wp\/v2\/pages\/1525"}],"collection":[{"href":"https:\/\/www.hubalowaostoja.pl\/index.php?rest_route=\/wp\/v2\/pages"}],"about":[{"href":"https:\/\/www.hubalowaostoja.pl\/index.php?rest_route=\/wp\/v2\/types\/page"}],"author":[{"embeddable":true,"href":"https:\/\/www.hubalowaostoja.pl\/index.php?rest_route=\/wp\/v2\/users\/1"}],"replies":[{"embeddable":true,"href":"https:\/\/www.hubalowaostoja.pl\/index.php?rest_route=%2Fwp%2Fv2%2Fcomments&post=1525"}],"version-history":[{"count":43,"href":"https:\/\/www.hubalowaostoja.pl\/index.php?rest_route=\/wp\/v2\/pages\/1525\/revisions"}],"predecessor-version":[{"id":2903,"href":"https:\/\/www.hubalowaostoja.pl\/index.php?rest_route=\/wp\/v2\/pages\/1525\/revisions\/2903"}],"wp:attachment":[{"href":"https:\/\/www.hubalowaostoja.pl\/index.php?rest_route=%2Fwp%2Fv2%2Fmedia&parent=1525"}],"curies":[{"name":"wp","href":"https:\/\/api.w.org\/{rel}","templated":true}]}}