{"id":1579,"date":"2020-06-13T10:35:05","date_gmt":"2020-06-13T08:35:05","guid":{"rendered":"http:\/\/www.hubalowaostoja.pl\/?page_id=1579"},"modified":"2026-02-15T19:46:45","modified_gmt":"2026-02-15T18:46:45","slug":"warunki-przyjecia-psa-na-hotel","status":"publish","type":"page","link":"https:\/\/www.hubalowaostoja.pl\/?page_id=1579","title":{"rendered":"Regulamin hotelu"},"content":{"rendered":"\n<p><\/p>\n\n\n\n<h2>Rezerwacja<\/h2>\n\n\n\n<p>Przyjmujemy psy pod opiek\u0119, tylko po wcze\u015bniejszej rezerwacji terminu. <\/p>\n\n\n\n<p>Z uwagi na ograniczon\u0105 ilo\u015b\u0107 miejsc <strong>pierwsze\u0144stwo przyj\u0119cia psa pod opiek\u0119, maj\u0105 nasi stali podopieczni.<\/strong><br> <\/p>\n\n\n<div class=\"wp-block-image is-style-rounded\">\n<figure class=\"aligncenter size-large\"><img loading=\"lazy\" width=\"1024\" height=\"681\" src=\"http:\/\/www.hubalowaostoja.pl\/wp-content\/uploads\/2020\/06\/DSC03673-1024x681.jpg\" alt=\"\" class=\"wp-image-1769\" srcset=\"https:\/\/www.hubalowaostoja.pl\/wp-content\/uploads\/2020\/06\/DSC03673-1024x681.jpg 1024w, https:\/\/www.hubalowaostoja.pl\/wp-content\/uploads\/2020\/06\/DSC03673-300x200.jpg 300w, https:\/\/www.hubalowaostoja.pl\/wp-content\/uploads\/2020\/06\/DSC03673-768x511.jpg 768w, https:\/\/www.hubalowaostoja.pl\/wp-content\/uploads\/2020\/06\/DSC03673-1536x1022.jpg 1536w, https:\/\/www.hubalowaostoja.pl\/wp-content\/uploads\/2020\/06\/DSC03673-2048x1363.jpg 2048w\" sizes=\"(max-width: 1024px) 100vw, 1024px\" \/><\/figure><\/div>\n\n\n<h2>Przyj\u0119cie psa na hotel<\/h2>\n\n\n\n<p>Przyj\u0119cie psa, odbywa si\u0119 o um\u00f3wionej wcze\u015bniej godzinie. Prosimy o przywiezienie psu:<\/p>\n\n\n\n<ul><li> ksi\u0105\u017ceczka zdrowia lub paszport z aktualnymi szczepieniami i odrobaczeniem <\/li><li> obro\u017ca lub szelki <\/li><li> karma lub sk\u0142adniki do przyrz\u0105dzenia posi\u0142k\u00f3w <\/li><li> legowisko, koc, klatka kennelowa *<\/li><li> szczotka, grzebie\u0144 i inne akcesoria piel\u0119gnacyjne **<\/li><li> ulubione zabawki, gryzaki <\/li><li> ewentualne leki <\/li><\/ul>\n\n\n\n<p>*) Hotel nie odpowiada za ewentualne zniszczenie przez psa swojego legowiska, zabawek i innych rzeczy, kt\u00f3re posiada ze sob\u0105.<br>**)  Hotel nie jest zak\u0142adem groomerskim, w zwi\u0105zku z tym pies powinien zosta\u0107 przywieziony czysty, wyszczotkowany i zadbany. Akcesoria piel\u0119gnacyjne, s\u0142u\u017c\u0105 tylko do utrzymania sier\u015bci psa w odpowiednim stanie. <\/p>\n\n\n\n<h2>Informacje dodatkowe<\/h2>\n\n\n\n<ul><li>zastrzegamy sobie mo\u017cliwo\u015b\u0107 odmowy przyj\u0119cia psa pod opiek\u0119, bez podania przyczyny lub je\u017celi uznamy \u017ce mo\u017ce to zaszkodzi\u0107 jego pobytowi lub innym psom na hotelu i opiekunom<\/li><li>nie przyjmujemy ps\u00f3w z l\u0119kiem separacyjnym, agresj\u0105 l\u0119kow\u0105 wobec ludzi oraz powa\u017cnymi problemami behawioralnymi<\/li><li>nie przyjmujemy ps\u00f3w na wielomiesi\u0119czne pobyty<\/li><li>nie przyjmujemy suk w cieczce, ps\u00f3w ci\u0119\u017cko chorych gdzie pobyt w hotelu zagra\u017ca\u0142by ich \u017cyciu oraz ps\u00f3w zaniedbanych<\/li><li>je\u017celi jest to pierwszy pobyt psa w naszym hotelu, prosimy o przywiezienie Go najp\u00f3\u017aniej do godziny 18.00<\/li><li>nale\u017cno\u015b\u0107 za ca\u0142y pobyt psa, pobierana jest z g\u00f3ry w dniu przyj\u0119cia (got\u00f3wka, blik, przelew)<\/li><li>nie zwracamy koszt\u00f3w w przypadku skr\u00f3cenia pobytu psa w hotelu<\/li><li>cena za dob\u0119 hotelow\u0105, liczona jest za ka\u017cd\u0105 rozpocz\u0119t\u0105 dob\u0119.<\/li><li>g\u0142\u00f3wnym opiekunem w hotelu, jest osoba wskazana przez w\u0142a\u015bciciela hotelu. Pod jego nieobecno\u015b\u0107, inny opiekun przejmuje cz\u0119\u015b\u0107 obowi\u0105zk\u00f3w, nie ma jednak uprawnie\u0144 decyzyjnych np. co do wydania psa, chyba \u017ce zostanie to wcze\u015bniej ustalone z g\u0142\u00f3wnym opiekunem lub w\u0142a\u015bcicielem hotelu<\/li><li>przyj\u0119cie i wydanie psa, tylko we wcze\u015bniej um\u00f3wionych godzinach<\/li><li>NIE PRZYJMUJEMY PS\u00d3W AGRESYWNYCH (bez wzgl\u0119du na ras\u0119 psa)<\/li><\/ul>\n\n\n\n<p><\/p>\n\n\n\n<p><a rel=\"noreferrer noopener\" href=\"https:\/\/www.hubalowaostoja.pl\/?page_id=1526\" target=\"_blank\">Koszt procesu adaptacji psa, tzw. &#8222;trening adaptacyjny&#8221;:<\/a><\/p>\n\n\n\n<ul><li>pierwsze spotkanie adaptacyjne do 1h &#8211; 80,00 z\u0142<\/li><li>drugi trening adaptacyjny 3h- 100,00 z\u0142<\/li><li>trzeci trening adaptacyjny 6h- 150,00 z\u0142<\/li><\/ul>\n\n\n\n<p><\/p>\n\n\n\n<p><\/p>\n","protected":false},"excerpt":{"rendered":"<p>Rezerwacja Przyjmujemy psy pod opiek\u0119, tylko po wcze\u015bniejszej rezerwacji terminu. Z uwagi na ograniczon\u0105 ilo\u015b\u0107 miejsc pierwsze\u0144stwo przyj\u0119cia psa pod opiek\u0119, maj\u0105 nasi stali podopieczni. Przyj\u0119cie psa na hotel Przyj\u0119cie &#8230;<\/p>\n","protected":false},"author":1,"featured_media":0,"parent":0,"menu_order":0,"comment_status":"closed","ping_status":"closed","template":"template-fullwidth.php","meta":[],"_links":{"self":[{"href":"https:\/\/www.hubalowaostoja.pl\/index.php?rest_route=\/wp\/v2\/pages\/1579"}],"collection":[{"href":"https:\/\/www.hubalowaostoja.pl\/index.php?rest_route=\/wp\/v2\/pages"}],"about":[{"href":"https:\/\/www.hubalowaostoja.pl\/index.php?rest_route=\/wp\/v2\/types\/page"}],"author":[{"embeddable":true,"href":"https:\/\/www.hubalowaostoja.pl\/index.php?rest_route=\/wp\/v2\/users\/1"}],"replies":[{"embeddable":true,"href":"https:\/\/www.hubalowaostoja.pl\/index.php?rest_route=%2Fwp%2Fv2%2Fcomments&post=1579"}],"version-history":[{"count":29,"href":"https:\/\/www.hubalowaostoja.pl\/index.php?rest_route=\/wp\/v2\/pages\/1579\/revisions"}],"predecessor-version":[{"id":3005,"href":"https:\/\/www.hubalowaostoja.pl\/index.php?rest_route=\/wp\/v2\/pages\/1579\/revisions\/3005"}],"wp:attachment":[{"href":"https:\/\/www.hubalowaostoja.pl\/index.php?rest_route=%2Fwp%2Fv2%2Fmedia&parent=1579"}],"curies":[{"name":"wp","href":"https:\/\/api.w.org\/{rel}","templated":true}]}}