{"id":1741,"date":"2020-06-14T21:50:53","date_gmt":"2020-06-14T19:50:53","guid":{"rendered":"http:\/\/www.hubalowaostoja.pl\/?page_id=1741"},"modified":"2025-01-27T09:24:38","modified_gmt":"2025-01-27T08:24:38","slug":"tropienie-sportowe-slad-sportowy","status":"publish","type":"page","link":"https:\/\/www.hubalowaostoja.pl\/?page_id=1741","title":{"rendered":"Tropienie Sportowe"},"content":{"rendered":"<div class=\"wp-block-image is-style-rounded\">\n<figure class=\"aligncenter size-large is-resized\"><img loading=\"lazy\" src=\"http:\/\/www.hubalowaostoja.pl\/wp-content\/uploads\/2020\/06\/Mistrzostwa-Polski-FH-TropiDog-CUP-2016-656-1024x679.jpg\" alt=\"\" class=\"wp-image-1745\" width=\"757\" height=\"501\" srcset=\"https:\/\/www.hubalowaostoja.pl\/wp-content\/uploads\/2020\/06\/Mistrzostwa-Polski-FH-TropiDog-CUP-2016-656-1024x679.jpg 1024w, https:\/\/www.hubalowaostoja.pl\/wp-content\/uploads\/2020\/06\/Mistrzostwa-Polski-FH-TropiDog-CUP-2016-656-300x199.jpg 300w, https:\/\/www.hubalowaostoja.pl\/wp-content\/uploads\/2020\/06\/Mistrzostwa-Polski-FH-TropiDog-CUP-2016-656-768x509.jpg 768w, https:\/\/www.hubalowaostoja.pl\/wp-content\/uploads\/2020\/06\/Mistrzostwa-Polski-FH-TropiDog-CUP-2016-656-1536x1018.jpg 1536w, https:\/\/www.hubalowaostoja.pl\/wp-content\/uploads\/2020\/06\/Mistrzostwa-Polski-FH-TropiDog-CUP-2016-656.jpg 2048w\" sizes=\"(max-width: 757px) 100vw, 757px\" \/><figcaption>Mistrzostwa Polski FH TropiDog CUP 2016<br>fot: <a href=\"https:\/\/maciejzaluski.pl\/\">Maciej Za\u0142uski<\/a><\/figcaption><\/figure><\/div>\n\n\n<p>Tropienie sportowe &#8211; szczeg\u00f3lnie bliskie memu sercu &#8211; to na pierwszy rzut oka trudna dyscyplina sportowa, lecz psa przecie\u017c nie potrzeba uczy\u0107 w\u0119szy\u0107, ten dar da\u0142a mu Matka Natura. Jednak dok\u0142adnego i precyzyjnego pod\u0105\u017cania u\u0142o\u017con\u0105 \u015bcie\u017ck\u0105 \u015bladu, odnajdywania i zaznaczania ma\u0142ych przedmiot\u00f3w znajduj\u0105cych si\u0119 na niej, r\u00f3wnomiernego tempa tropienia i braku ekscytacji na \u015bladzie &#8211; tego trzeba nauczy\u0107. <\/p>\n\n\n\n<p>Nauka tropienia sportowego wymaga naszej cierpliwo\u015bci, spokoju, umiej\u0119tno\u015bci czytania psa i po\u015bwi\u0119cenia czasu. Regularne treningi tropieniowe, buduj\u0105 mi\u0119dzy psem a przewodnikiem siln\u0105 wi\u0119\u017a, uspokajaj\u0105 i pozwalaj\u0105 zaspokoi\u0107 naturaln\u0105 potrzeb\u0119 w\u0119szenia psa. Gwarantuj\u0119, \u017ce ju\u017c po kilkunastu minutach intensywnej pracy na \u015bladzie, pies b\u0119dzie pozytywnie zm\u0119czony i zwyczajnie p\u00f3jdzie spa\u0107. <\/p>\n\n\n\n<p>Ka\u017cdy, kto nauczy swojego psa tej formy aktywno\u015bci, mo\u017ce czu\u0107 si\u0119 wyr\u00f3\u017cniony i wyj\u0105tkowy, poniewa\u017c ten pi\u0119kny sport, nadal jest niedoceniany i ma\u0142o popularny w\u015br\u00f3d w\u0142a\u015bcicieli ps\u00f3w. Do\u0142\u0105cz wi\u0119c do elitarnej grupy pasjonat\u00f3w i zapisz si\u0119 na szkolenie. Trenowa\u0107 mo\u017cna zar\u00f3wno rekreacyjnie jak i pod egzaminy czy zawody.<\/p>\n\n\n<div class=\"wp-block-image is-style-rounded\">\n<figure class=\"aligncenter size-large is-resized\"><img loading=\"lazy\" src=\"http:\/\/www.hubalowaostoja.pl\/wp-content\/uploads\/2020\/06\/DAR_0980-1024x684.jpg\" alt=\"\" class=\"wp-image-1713\" width=\"729\" height=\"487\" srcset=\"https:\/\/www.hubalowaostoja.pl\/wp-content\/uploads\/2020\/06\/DAR_0980-1024x684.jpg 1024w, https:\/\/www.hubalowaostoja.pl\/wp-content\/uploads\/2020\/06\/DAR_0980-300x200.jpg 300w, https:\/\/www.hubalowaostoja.pl\/wp-content\/uploads\/2020\/06\/DAR_0980-768x513.jpg 768w, https:\/\/www.hubalowaostoja.pl\/wp-content\/uploads\/2020\/06\/DAR_0980.jpg 1185w\" sizes=\"(max-width: 729px) 100vw, 729px\" \/><figcaption>I Zawody tropieniowe o Puchar Lajkonika w Krakowie, fot: Argilla Rossa<\/figcaption><\/figure><\/div>\n\n<div class=\"wp-block-image is-style-rounded\">\n<figure class=\"aligncenter size-full\"><img loading=\"lazy\" width=\"1000\" height=\"667\" src=\"https:\/\/www.hubalowaostoja.pl\/wp-content\/uploads\/2020\/06\/11741023_980150105361814_1819922098739720752_o.jpg\" alt=\"\" class=\"wp-image-1714\" srcset=\"https:\/\/www.hubalowaostoja.pl\/wp-content\/uploads\/2020\/06\/11741023_980150105361814_1819922098739720752_o.jpg 1000w, https:\/\/www.hubalowaostoja.pl\/wp-content\/uploads\/2020\/06\/11741023_980150105361814_1819922098739720752_o-300x200.jpg 300w, https:\/\/www.hubalowaostoja.pl\/wp-content\/uploads\/2020\/06\/11741023_980150105361814_1819922098739720752_o-768x512.jpg 768w\" sizes=\"(max-width: 1000px) 100vw, 1000px\" \/><figcaption>I Zawody w tropieniu sportowym o Puchar Lajkonika w Krakowie &#8211; fot: Argilla Rossa<br> Gaja &#8211; 1 miejsce w kategorii Fpr2<\/figcaption><\/figure><\/div>\n\n\n<figure class=\"wp-block-pullquote\"><blockquote><p><a rel=\"noreferrer noopener\" href=\"https:\/\/forms.gle\/7HefkG4yyuaToxau6\" target=\"_blank\">FORMULARZ ZG\u0141OSZENIOWY<\/a><\/p><cite><br>Odkryj moc psiego nosa<\/cite><\/blockquote><\/figure>\n","protected":false},"excerpt":{"rendered":"<p>Tropienie sportowe &#8211; szczeg\u00f3lnie bliskie memu sercu &#8211; to na pierwszy rzut oka trudna dyscyplina sportowa, lecz psa przecie\u017c nie potrzeba uczy\u0107 w\u0119szy\u0107, ten dar da\u0142a mu Matka Natura. Jednak &#8230;<\/p>\n","protected":false},"author":1,"featured_media":0,"parent":0,"menu_order":0,"comment_status":"closed","ping_status":"closed","template":"template-fullwidth.php","meta":[],"_links":{"self":[{"href":"https:\/\/www.hubalowaostoja.pl\/index.php?rest_route=\/wp\/v2\/pages\/1741"}],"collection":[{"href":"https:\/\/www.hubalowaostoja.pl\/index.php?rest_route=\/wp\/v2\/pages"}],"about":[{"href":"https:\/\/www.hubalowaostoja.pl\/index.php?rest_route=\/wp\/v2\/types\/page"}],"author":[{"embeddable":true,"href":"https:\/\/www.hubalowaostoja.pl\/index.php?rest_route=\/wp\/v2\/users\/1"}],"replies":[{"embeddable":true,"href":"https:\/\/www.hubalowaostoja.pl\/index.php?rest_route=%2Fwp%2Fv2%2Fcomments&post=1741"}],"version-history":[{"count":30,"href":"https:\/\/www.hubalowaostoja.pl\/index.php?rest_route=\/wp\/v2\/pages\/1741\/revisions"}],"predecessor-version":[{"id":2901,"href":"https:\/\/www.hubalowaostoja.pl\/index.php?rest_route=\/wp\/v2\/pages\/1741\/revisions\/2901"}],"wp:attachment":[{"href":"https:\/\/www.hubalowaostoja.pl\/index.php?rest_route=%2Fwp%2Fv2%2Fmedia&parent=1741"}],"curies":[{"name":"wp","href":"https:\/\/api.w.org\/{rel}","templated":true}]}}