{"id":1865,"date":"2020-06-21T21:00:10","date_gmt":"2020-06-21T19:00:10","guid":{"rendered":"http:\/\/www.hubalowaostoja.pl\/?page_id=1865"},"modified":"2025-01-27T10:31:14","modified_gmt":"2025-01-27T09:31:14","slug":"filmiki","status":"publish","type":"page","link":"https:\/\/www.hubalowaostoja.pl\/?page_id=1865","title":{"rendered":"EKO Pies"},"content":{"rendered":"\n<h2><\/h2>\n\n\n\n<p><strong>Zadbaj o zdrowie swojego psa i planety jednocze\u015bnie!<\/strong> <br>Na moich szkoleniach dowiesz si\u0119, jak zapewni\u0107 Twojemu pupilowi wszystko, czego potrzebuje, jednocze\u015bnie dbaj\u0105c o \u015brodowisko. Poka\u017c\u0119 Ci, jak wprowadzi\u0107 zasady &#8222;less waste&#8221; do codziennej opieki nad pupilem:<\/p>\n\n\n<div class=\"wp-block-image is-style-rounded\">\n<figure class=\"alignright size-full is-resized\"><img loading=\"lazy\" src=\"https:\/\/www.hubalowaostoja.pl\/wp-content\/uploads\/2025\/01\/zdjecie2.png\" alt=\"\" class=\"wp-image-2913\" width=\"388\" height=\"388\" srcset=\"https:\/\/www.hubalowaostoja.pl\/wp-content\/uploads\/2025\/01\/zdjecie2.png 512w, https:\/\/www.hubalowaostoja.pl\/wp-content\/uploads\/2025\/01\/zdjecie2-300x300.png 300w, https:\/\/www.hubalowaostoja.pl\/wp-content\/uploads\/2025\/01\/zdjecie2-150x150.png 150w\" sizes=\"(max-width: 388px) 100vw, 388px\" \/><\/figure><\/div>\n\n\n<ul><li>Dieta, kt\u00f3ra wspiera zdrowie Twojego psa i zmniejsza obci\u0105\u017cenie dla planety<\/li><li>Bezpieczne i stymuluj\u0105ce otoczenie dla Twojego pupila z wykorzystaniem przedmiot\u00f3w z recyklingu<\/li><li>Zminimalizowanie ilo\u015b\u0107 plastikowych odpad\u00f3w zwi\u0105zanych z opiek\u0105 nad psem<\/li><\/ul>\n\n\n\n<p>Ka\u017cdy uczestnik otrzyma biodegradowalne woreczki na psie odchody i b\u0119dzie m\u00f3g\u0142 przyczyni\u0107 si\u0119 do czystszego \u015brodowiska.<\/p>\n\n\n\n<p><br><\/p>\n","protected":false},"excerpt":{"rendered":"<p>Zadbaj o zdrowie swojego psa i planety jednocze\u015bnie! Na moich szkoleniach dowiesz si\u0119, jak zapewni\u0107 Twojemu pupilowi wszystko, czego potrzebuje, jednocze\u015bnie dbaj\u0105c o \u015brodowisko. Poka\u017c\u0119 Ci, jak wprowadzi\u0107 zasady &#8222;less &#8230;<\/p>\n","protected":false},"author":1,"featured_media":0,"parent":0,"menu_order":0,"comment_status":"closed","ping_status":"closed","template":"template-fullwidth.php","meta":[],"_links":{"self":[{"href":"https:\/\/www.hubalowaostoja.pl\/index.php?rest_route=\/wp\/v2\/pages\/1865"}],"collection":[{"href":"https:\/\/www.hubalowaostoja.pl\/index.php?rest_route=\/wp\/v2\/pages"}],"about":[{"href":"https:\/\/www.hubalowaostoja.pl\/index.php?rest_route=\/wp\/v2\/types\/page"}],"author":[{"embeddable":true,"href":"https:\/\/www.hubalowaostoja.pl\/index.php?rest_route=\/wp\/v2\/users\/1"}],"replies":[{"embeddable":true,"href":"https:\/\/www.hubalowaostoja.pl\/index.php?rest_route=%2Fwp%2Fv2%2Fcomments&post=1865"}],"version-history":[{"count":11,"href":"https:\/\/www.hubalowaostoja.pl\/index.php?rest_route=\/wp\/v2\/pages\/1865\/revisions"}],"predecessor-version":[{"id":2915,"href":"https:\/\/www.hubalowaostoja.pl\/index.php?rest_route=\/wp\/v2\/pages\/1865\/revisions\/2915"}],"wp:attachment":[{"href":"https:\/\/www.hubalowaostoja.pl\/index.php?rest_route=%2Fwp%2Fv2%2Fmedia&parent=1865"}],"curies":[{"name":"wp","href":"https:\/\/api.w.org\/{rel}","templated":true}]}}