{"id":2493,"date":"2022-11-17T12:59:47","date_gmt":"2022-11-17T11:59:47","guid":{"rendered":"https:\/\/www.hubalowaostoja.pl\/?page_id=2493"},"modified":"2025-01-27T13:18:29","modified_gmt":"2025-01-27T12:18:29","slug":"polityka-prywatnosci-2","status":"publish","type":"page","link":"https:\/\/www.hubalowaostoja.pl\/?page_id=2493","title":{"rendered":"Regulamin szkolenia i polityka prywatno\u015bci"},"content":{"rendered":"\n<p><strong>Regulamin<\/strong>, okre\u015bla warunki przebiegu szkolenia i odpowiedzialno\u015bci W\u0142a\u015bciciela psa oraz Uczestnika kursu.<\/p>\n\n\n\n<ol><li>Warunkiem przyj\u0119cia psa na szkolenie, jest akceptacja niniejszego regulaminu.<\/li><li>W\u0142a\u015bciciel psa, jest zobowi\u0105zany posiada\u0107 ksi\u0105\u017ceczk\u0119 zdrowia psa lub paszport z aktualnymi szczepieniami i odrobaczeniem.<\/li><li>Na teren Hubalowej Ostoi oraz placu szkoleniowego, pies musi by\u0107 wprowadzony na smyczy.<\/li><li>Zakazuje si\u0119 spuszczania ps\u00f3w ze smyczy chyba \u017ce trener na to zezwoli lub przebieg szkolenia tego wymaga. Za samowolne spuszczenie psa ze smyczy, odpowiada W\u0142a\u015bciciel psa.<\/li><li>Pies musi by\u0107 pod pe\u0142n\u0105 kontrol\u0105 w\u0142a\u015bciciela, za ewentualne szkody wyrz\u0105dzone przez psa lub uszczerbku na zdrowiu samego psa, odpowiada w\u0142a\u015bciciel (odpowiedzialno\u015b\u0107 cywilna z tytu\u0142u posiadania zwierz\u0119cia &#8211; Zgodnie z art. 431 \u00a7 1 Kodeksu cywilnego: \u201eKto zwierz\u0119 chowa albo si\u0119 nim pos\u0142uguje, zobowi\u0105zany jest do naprawienia wyrz\u0105dzonej przez nie szkody, niezale\u017cnie od tego, czy by\u0142o pod jego nadzorem, czy te\u017c zab\u0142\u0105ka\u0142o si\u0119 lub uciek\u0142o, chyba \u017ce ani on, ani osoba, za kt\u00f3r\u0105 ponosi odpowiedzialno\u015b\u0107, nie ponosz\u0105 winy\u201d)<\/li><li>W przypadku pogryzienia przez psa cz\u0142owieka lub innego psa, odpowiada W\u0142a\u015bciciel psa i pokrywa wszelkie koszty zwi\u0105zane z leczeniem (odpowiedzialno\u015b\u0107 cywilna z tytu\u0142u posiadania zwierz\u0119cia).<\/li><li>Uczestnik kursu jest zobowi\u0105zany do sprz\u0105tania po swoim psie.<\/li><li>Uczestnik w trakcie szkolenia, powinien zapewni\u0107 psu wod\u0119 do picia.<\/li><li>Uczestnik kursu jest zobowi\u0105zany do noszenia odpowiedniego ubioru i obuwia, oraz by\u0107 wyposa\u017cony w odpowiedni sprz\u0119t szkoleniowy dla psa (zabawki, jedzenie, smycz, linka obro\u017ca).<\/li><li>Uczestnik kursu zobowi\u0105zany jest do aktywnego uczestnictwa na ka\u017cdych zaj\u0119ciach, zgodnie z harmonogramem danego kursu.<\/li><li>Je\u017celi pies jest chory lub suka jest w cieczce \u2013 Uczestnik zobowi\u0105zany jest niezw\u0142ocznie powiadomi\u0107 o tym fakcie trenera i w\u00f3wczas nie uczestniczy w zaj\u0119ciach (zaj\u0119cia zostan\u0105 odrobione w innym najbli\u017cszym terminie).<\/li><li>Zastrzegamy sobie mo\u017cliwo\u015b\u0107 odwo\u0142ania zaj\u0119\u0107 w przypadku niesprzyjaj\u0105cych warunk\u00f3w atmosferycznych lub z innych niezale\u017cnych od trenera powod\u00f3w, o czym zostan\u0105 poinformowani Uczestnicy szkolenia niezw\u0142ocznie \u2013 najp\u00f3\u017aniej na 12 godzin przed zaj\u0119ciami.<\/li><li>W\u0142a\u015bciciel psa jest zobowi\u0105zany powiadomi\u0107 trenera na co najmniej 12h przed planowanymi zaj\u0119ciami o swojej nieobecno\u015bci, lub w innym niezw\u0142ocznym terminie, w przeciwnym razie zaj\u0119cia przepadaj\u0105 i nie b\u0119dzie mo\u017cna ich odrobi\u0107.<\/li><li>W przypadku usprawiedliwionej nieobecno\u015bci Uczestnika kursu grupowego, zaj\u0119cia zostan\u0105 odrobione w najbli\u017cszym mo\u017cliwym terminie podczas kolejnych zaj\u0119\u0107 grupowych, lecz nie p\u00f3\u017aniej ni\u017c w kolejnych 2 miesi\u0105cach od dnia nieobecno\u015bci, a w przypadku szkolenia indywidualnego, w najbli\u017cszym mo\u017cliwym terminie, lecz nie p\u00f3\u017aniej ni\u017c w kolejnym 1 miesi\u0105cu od dnia nieobecno\u015bci.<\/li><li>W przypadku rezygnacji ze szkolenia w trakcie jego trwania, wp\u0142acona kwota nie podlega zwrotowi.<\/li><li>Uczestnik kursu wyra\u017ca zgod\u0119 na publikacj\u0119 swojego wizerunku oraz wizerunku swojego psa, utrwalonego w formie zdj\u0119\u0107 oraz film\u00f3w, na stronie internetowej Hubalowej Ostoi oraz social media (facebook, instagram, google).<\/li><li>W przypadku braku zgody na publikacj\u0119 wizerunku, Uczestnik kursu zobowi\u0105zany jest poinformowa\u0107 o tym trenera w dniu zaj\u0119\u0107.<\/li><li>Uczestnik kursu zobowi\u0105zany jest nie upublicznia\u0107 materia\u0142\u00f3w edukacyjnych, otrzymywanych drog\u0105 elektroniczn\u0105 przez Hubalow\u0105 Ostoj\u0119.<\/li><li>Uczestnik kursu mo\u017ce pobiera\u0107 i udost\u0119pnia\u0107 filmiki oraz zdj\u0119cia publikowane na fanpage&#8217;u Hubalowej Ostoi, podaj\u0105c \u017ar\u00f3d\u0142o materia\u0142\u00f3w lub dla u\u017cytku w\u0142asnego.<\/li><li>Uczestnik kursu zobowi\u0105zany jest nie upublicznia\u0107 filmik\u00f3w i zdj\u0119\u0107 wykonywanych osobi\u015bcie podczas zaj\u0119\u0107, bez zgody trenera.<\/li><\/ol>\n\n\n\n<p><\/p>\n\n\n\n<p><\/p>\n\n\n\n<p><strong>Polityka Prywatno\u015bci<\/strong><br>Na podstawie art. 13 Rozporz\u0105dzenia Parlamentu Europejskiego i Rady (UE) 2016\/679<br>z dnia 27 kwietnia 2016 r. w sprawie ochrony os\u00f3b fizycznych w zwi\u0105zku z przetwarzaniem danych osobowych i w sprawie swobodnego przep\u0142ywu takich danych oraz uchylenia dyrektywy 95\/46\/WE, informuj\u0119 co nast\u0119puje:<\/p>\n\n\n\n<ol><li>Administratorem Pana\/Pani danych osobowych jest Centrum Szkolenia Ps\u00f3w w Pog\u00f3rzu Bogumi\u0142a Kalinowska-Ilk\u00f3w, 48-220 Pog\u00f3rze 64, tel: 606 449 836, e-mail: <a href=\"mailto:kontakt@hubalowaostoja.pl\">kontakt@hubalowaostoja.pl<\/a><\/li><li>Pana\/Pani dane osobowe przetwarzane s\u0105 w zwi\u0105zku z udzia\u0142em w Kursie Szkolenia Ps\u00f3w organizowanym przez Centrum Szkolenia Ps\u00f3w w Pog\u00f3rzu \u2013 Hubalowa Ostoja.<\/li><li><strong>Pana\/Pani dane osobowe b\u0119d\u0105 przetwarzane w celu:<\/strong> wymiany korespondencji dotycz\u0105cej szkolenia psa oraz us\u0142ug \u015bwiadczonych przez Hubalow\u0105 Ostoj\u0119 (podstawa z art. 6 ust 1 lit. b) RODO); archiwalnym (dowodowym) b\u0119d\u0105cym realizacj\u0105 naszego prawnie uzasadnionego interesu zabezpieczenia informacji na wypadek prawnej potrzeby wykazania fakt\u00f3w (art. 6 ust. 1 lit. f RODO); ewentualnego ustalenia, dochodzenia lub obrony przed roszczeniami b\u0119d\u0105cego realizacj\u0105 naszego prawnie uzasadnionego interesu (podstawa z art. 6 ust. 1 lit. f RODO); marketingu bezpo\u015bredniego produkt\u00f3w i us\u0142ug w\u0142asnych Administratora (podstawa z art.6 ust.1 lit.f) RODO).<\/li><li>Posiada Pan\/Pani prawo do \u017c\u0105dania dost\u0119pu do danych osobowych oraz prawo do ich sprostowania, ograniczenia przetwarzania, prawo do wniesienia sprzeciwu wobec przetwarzania, prawo do przenoszenia danych, prawo do cofni\u0119cia zgody w dowolnym momencie.<\/li><li>Ma Pan\/Pani prawo wniesienia skargi do organu nadzorczego.<\/li><\/ol>\n\n\n\n<p><\/p>\n\n\n\n<p><strong>Zgoda na przetwarzanie danych osobowych<\/strong><\/p>\n\n\n\n<ol><li>Wyra\u017cam zgod\u0119 na przetwarzanie moich danych osobowych przez Centrum Szkolenia Ps\u00f3w w Pog\u00f3rzu Bogumi\u0142a Kalinowska-Ilk\u00f3w, administratora danych osobowych z siedzib\u0105 w Pog\u00f3rzu 64, w zwi\u0105zku z moim udzia\u0142em w kursie szkolenia ps\u00f3w Hubalowa Ostoja w zakresie: imi\u0119, nazwisko, dane telefoniczne i pozosta\u0142e kontaktowe.<\/li><li>Wyra\u017cam zgod\u0119 na wykorzystanie mojego wizerunku oraz wizerunku mojego psa utrwalonego w postaci zdj\u0119\u0107 i filmik\u00f3w, w celach marketingowych, promocyjnych i reklamowych, na portalach spo\u0142eczno\u015bciowych (facebook, instagram, google) oraz portalach og\u0142oszeniowych.<\/li><li>Podaj\u0119 dane osobowe dobrowolnie i o\u015bwiadczam, \u017ce s\u0105 one zgodne z prawd\u0105.<\/li><li>O\u015bwiadczam, \u017ce zapozna\u0142em(-am) si\u0119 z tre\u015bci\u0105 klauzuli informacyjnej.<\/li><\/ol>\n","protected":false},"excerpt":{"rendered":"<p>Regulamin, okre\u015bla warunki przebiegu szkolenia i odpowiedzialno\u015bci W\u0142a\u015bciciela psa oraz Uczestnika kursu. Warunkiem przyj\u0119cia psa na szkolenie, jest akceptacja niniejszego regulaminu. W\u0142a\u015bciciel psa, jest zobowi\u0105zany posiada\u0107 ksi\u0105\u017ceczk\u0119 zdrowia psa lub &#8230;<\/p>\n","protected":false},"author":1,"featured_media":0,"parent":0,"menu_order":0,"comment_status":"closed","ping_status":"closed","template":"","meta":[],"_links":{"self":[{"href":"https:\/\/www.hubalowaostoja.pl\/index.php?rest_route=\/wp\/v2\/pages\/2493"}],"collection":[{"href":"https:\/\/www.hubalowaostoja.pl\/index.php?rest_route=\/wp\/v2\/pages"}],"about":[{"href":"https:\/\/www.hubalowaostoja.pl\/index.php?rest_route=\/wp\/v2\/types\/page"}],"author":[{"embeddable":true,"href":"https:\/\/www.hubalowaostoja.pl\/index.php?rest_route=\/wp\/v2\/users\/1"}],"replies":[{"embeddable":true,"href":"https:\/\/www.hubalowaostoja.pl\/index.php?rest_route=%2Fwp%2Fv2%2Fcomments&post=2493"}],"version-history":[{"count":5,"href":"https:\/\/www.hubalowaostoja.pl\/index.php?rest_route=\/wp\/v2\/pages\/2493\/revisions"}],"predecessor-version":[{"id":2827,"href":"https:\/\/www.hubalowaostoja.pl\/index.php?rest_route=\/wp\/v2\/pages\/2493\/revisions\/2827"}],"wp:attachment":[{"href":"https:\/\/www.hubalowaostoja.pl\/index.php?rest_route=%2Fwp%2Fv2%2Fmedia&parent=2493"}],"curies":[{"name":"wp","href":"https:\/\/api.w.org\/{rel}","templated":true}]}}